{"id":31,"date":"2022-04-19T20:17:45","date_gmt":"2022-04-19T20:17:45","guid":{"rendered":"http:\/\/vibration-radio.fr\/102\/home\/"},"modified":"2023-01-02T16:19:54","modified_gmt":"2023-01-02T16:19:54","slug":"home","status":"publish","type":"page","link":"https:\/\/vibration-radio.fr\/102\/","title":{"rendered":"Home"},"content":{"rendered":"\n\n\n<h4>La Manifestation<span><\/span><\/h4>\n<p>Admin&nbsp; &nbsp; &nbsp;.&nbsp; &nbsp; &nbsp; Feb 23&nbsp; &nbsp; &nbsp; &nbsp; .&nbsp; &nbsp; &nbsp; 1 min read&nbsp; &nbsp; &nbsp; &nbsp; &nbsp; &nbsp; &nbsp; &nbsp;&nbsp;<\/p>\n<p>23 F\u00e9vrier 1985 : Vibration emettait sur 101 Mhz depuis son lancement. La fr\u00e9quence 100.9 est attribu\u00e9e \u00e0 la locale de Radio France qui se plaint du brouillage de Vibration ! Bruno Amalou d\u00e9cide de passer sur 102 Mhz et toute l&#8217;\u00e9quipe de Vibration organise une Manifestation pour forcer l&#8217;autorit\u00e9 \u00e0 valider ce choix.<br><\/p>\n<p>Photos Pascal Voisin.&nbsp; Photos reboost\u00e9s sur Adobe Lightroom et Remont\u00e9 en 2022 sur ordinateur Hollywood avec Adobe Premiere Pro et&nbsp; converti en MP4 pour diffusion Internet.<br><\/p>\n<p><a href=\"https:\/\/www.youtube.com\/watch?v=gwSw_WLgekE\">L&#8217;Arriv\u00e9e d&#8217;un train en gare de La Ciotat \u00bb en 4K<\/a><br><\/p>\n<p><a href=\"https:\/\/www.youtube.com\/watch?v=C8xt5BGegj8\">Musique des <\/a><strong><a href=\"https:\/\/www.youtube.com\/watch?v=C8xt5BGegj8\">Wham! &#8211; Everything She Wants (Official Video)<\/a><br><\/strong><\/p>\n\n\n\n\n\n\n\n\n\n\n<h4>La Nuit du Printemps 1985<span><\/span><\/h4>\n<p>Admin&nbsp; &nbsp; &nbsp;.&nbsp; &nbsp; &nbsp; Feb 23&nbsp; &nbsp; &nbsp; &nbsp; .&nbsp; &nbsp; &nbsp; 1 min read&nbsp; &nbsp; &nbsp; &nbsp; &nbsp; &nbsp; &nbsp; &nbsp;&nbsp;<\/p>\n<p>1985 : Vibration atteint ses objectifs et devient la RadioLocomotive !&nbsp; class\u00e9e premi\u00e8re radio locale \u00e0 Orl\u00e9ans par les sondage (14%) qui la place au niveau des radios historiques (RTL, France Inter et Europe 1), une \u00e9quipe commerciale op\u00e9rationnelle mont\u00e9e par Jean-Eric VALLI, un son et un style comparable aux meilleures radios US gr\u00e2ce \u00e0 Bruno AMALOU, une \u00e9quipe d&#8217;animateurs motiv\u00e9s (et r\u00e9mun\u00e9r\u00e9s). Bientot les News du &#8220;music &amp; news&#8221; et aussi bient\u00f4t l&#8217;expansion r\u00e9gionale avec Bourges et Tours.<br><br>Vibration remercie ses auditeurs avec la nuit du printemps co-organis\u00e9e avec les associations \u00e9tudiantes AES &amp; ESEM qui compl\u00e8tent le dispositif de la soir\u00e9e. L&#8217;\u00e9v\u00e8nement a lieu dans le Hall de Prestige au parc des expositions d&#8217;Orl\u00e9ans. Plus de 3000 participants dont certains oblig\u00e9s de patienter pour entrer que d&#8217;autre sortent de la salle. Le son de la soir\u00e9e est retransmis en direct sur Vibration qui a d\u00e9plac\u00e9 une partie de ses moyens techniques sur place.<br><\/p>\n<p>Jean-Paul CONAN est doublement pr\u00e9sent avec un dispositif d&#8217;\u00e9crans \nvid\u00e9os qui montre enfin le visage des Animateurs et un Reportage r\u00e9alis\u00e9\n avec les moyens techniques en VHS &amp; 24&#215;36 d&#8217;Action Vid\u00e9o&nbsp; et \nl&#8217;assistance technique de G\u00e9rard CHANGEUX pour le passage et la \nprojection en vid\u00e9o U-Matic .<br><br> Merci \u00e0 Jean-Luc Gaudry pour les Banni\u00e8res peintes \u00e0 la main avec les noms des animateurs. Merci au photographe Philippe \nBaudon pour les photos 24&#215;36 de la soir\u00e9e et merci \u00e0 Thierry Arbellot \npour l&#8217;informatique sur Z-spectrum, Merci \u00e0 Cine-coulisses pour les \nprojecteurs de diapositifs pour m\u00e9langer tout cela.<br><br>Vid\u00e9o VHS \nfilm\u00e9e et mont\u00e9e sur mat\u00e9riel VHS Sony &amp; Panasonic par Jean Paul \nCONAN g\u00e9rant et cameraman Pour Action Vid\u00e9o. Num\u00e9ris\u00e9 en MP4 bien plus \ntard pour diffusion Internet.<\/p>\n<p>Jean Paul CONAN 2022&nbsp;&nbsp; &nbsp; &nbsp; &nbsp; &nbsp; &nbsp; &nbsp; <\/p>\n\n\n\n\n\n\n\n\n\n\n\n\n\n\n<h4>Les 3 Hommes de Vibration<span><\/span><\/h4>\n<p>Admin&nbsp; &nbsp; &nbsp;.&nbsp; &nbsp; &nbsp; Feb 23&nbsp; &nbsp; &nbsp; &nbsp; .&nbsp; &nbsp; &nbsp; 1 min read&nbsp; &nbsp; &nbsp; &nbsp; &nbsp; &nbsp; &nbsp; &nbsp;&nbsp;<\/p>\n<p>En 1984, Jean Paul se lance dans la Vid\u00e9o avec Action Vid\u00e9o SARL et participe \u00e0 la s\u00e9lection de la Course autour du Monde sur Antenne 2. Le Reportage pr\u00e9sent\u00e9 aux s\u00e9lections porte sur la cr\u00e9ation de Vibration FM et des 3 hommes qui ont particip\u00e9 \u00e0 l&#8217;aventure.<\/p>\n<p>Retrouvez Bruno AMALOU, <span style=\"color: rgb(96, 96, 96); font-family: &quot;Merriweather Sans&quot;; font-size: 16px; font-style: normal; font-variant-ligatures: normal; font-variant-caps: normal; font-weight: 400; letter-spacing: normal; orphans: 2; text-align: start; text-indent: 0px; text-transform: none; white-space: normal; widows: 2; word-spacing: 0px; -webkit-text-stroke-width: 0px; text-decoration-thickness: initial; text-decoration-style: initial; text-decoration-color: initial; display: inline !important; float: none;\">Vincent BALANDIER, <\/span><span style=\"color: rgb(96, 96, 96); font-family: &quot;Merriweather Sans&quot;; font-size: 16px; font-style: normal; font-variant-ligatures: normal; font-variant-caps: normal; font-weight: 400; letter-spacing: normal; orphans: 2; text-align: start; text-indent: 0px; text-transform: none; white-space: normal; widows: 2; word-spacing: 0px; -webkit-text-stroke-width: 0px; text-decoration-thickness: initial; text-decoration-style: initial; text-decoration-color: initial; display: inline !important; float: none;\">Jean Eric VALLI<span> et aussi <\/span><\/span><span style=\"color: rgb(96, 96, 96); font-family: &quot;Merriweather Sans&quot;; font-size: 16px; font-style: normal; font-variant-ligatures: normal; font-variant-caps: normal; font-weight: 400; letter-spacing: normal; orphans: 2; text-align: start; text-indent: 0px; text-transform: none; white-space: normal; widows: 2; word-spacing: 0px; -webkit-text-stroke-width: 0px; text-decoration-thickness: initial; text-decoration-style: initial; text-decoration-color: initial; display: inline !important; float: none;\">V\u00e9ronique TARIN<\/span><span style=\"color: rgb(96, 96, 96); font-family: &quot;Merriweather Sans&quot;; font-size: 16px; font-style: normal; font-variant-ligatures: normal; font-variant-caps: normal; font-weight: 400; letter-spacing: normal; orphans: 2; text-align: start; text-indent: 0px; text-transform: none; white-space: normal; widows: 2; word-spacing: 0px; -webkit-text-stroke-width: 0px; text-decoration-thickness: initial; text-decoration-style: initial; text-decoration-color: initial; display: inline !important; float: none;\"><\/span><\/p>\n<p>Images du 5 Avenue de Munster \u00e0 Orl\u00e9ans par Google streetview Juillet 2020<span style=\"color: rgb(96, 96, 96); font-family: &quot;Merriweather Sans&quot;; font-size: 16px; font-style: normal; font-variant-ligatures: normal; font-variant-caps: normal; font-weight: 400; letter-spacing: normal; orphans: 2; text-align: start; text-indent: 0px; text-transform: none; white-space: normal; widows: 2; word-spacing: 0px; -webkit-text-stroke-width: 0px; text-decoration-thickness: initial; text-decoration-style: initial; text-decoration-color: initial; display: inline !important; float: none;\"><\/span><span style=\"color: rgb(96, 96, 96); font-family: &quot;Merriweather Sans&quot;; font-size: 16px; font-style: normal; font-variant-ligatures: normal; font-variant-caps: normal; font-weight: 400; letter-spacing: normal; orphans: 2; text-align: start; text-indent: 0px; text-transform: none; white-space: normal; widows: 2; word-spacing: 0px; -webkit-text-stroke-width: 0px; text-decoration-thickness: initial; text-decoration-style: initial; text-decoration-color: initial; display: inline !important; float: none;\"><\/span><\/p>\n<p>Jean Paul CONAN 1984 Film\u00e9 et mont\u00e9 en VHS, remont\u00e9 en 2022 sur Adobe Premiere Pro&nbsp; et converti en MP4 pour diffusion Internet.<br><\/p>\n\n\n\n\n\n\n\n\n\n\n<h4>Chapouteau sur FR3<span><\/span><\/h4>\n<p>Admin&nbsp; &nbsp; &nbsp;.&nbsp; &nbsp; &nbsp; Feb 23&nbsp; &nbsp; &nbsp; &nbsp; .&nbsp; &nbsp; &nbsp; 1 min read&nbsp; &nbsp; &nbsp; &nbsp; &nbsp; &nbsp; &nbsp; &nbsp;&nbsp;<\/p>\n<p>1986 : Vibration est invit\u00e9e dans l&#8217;\u00e9mission Ile de transe diffus\u00e9e sur FR3 Ile de France Centre et pr\u00e9sent\u00e9e par Philippe Bachmann. Jean Paul conan \u00e9ph\u00e9m\u00e8re directeur des programmes choisit Philippe Generali alias Chapouteau, animateur vedette du 17-20 pour pr\u00e9senter la radio et la musique de Vibration.<br><br><\/p>\n<p>Enregistrement VHS \nremont\u00e9 sur ordinateur Hollywood avec Adobe Premiere PRO par Jean Paul \nCONAN. Num\u00e9ris\u00e9 en MP4 pour diffusion Internet.<\/p>\n<p>Jean Paul CONAN 2022&nbsp;&nbsp; &nbsp; &nbsp; &nbsp; &nbsp; &nbsp; &nbsp; <\/p>\n\n\n\n\n\n\n\n\n\n\n\n\n\n\n<h4>Interview exClusive<span><\/span> de Bruno Amalou<br><\/h4>\n<p>Admin&nbsp; &nbsp; &nbsp;.&nbsp; &nbsp; &nbsp; Feb 23&nbsp; &nbsp; &nbsp; &nbsp; .&nbsp; &nbsp; &nbsp; 1 min read&nbsp; &nbsp; &nbsp; &nbsp; &nbsp; &nbsp; &nbsp; &nbsp;&nbsp;<\/p>\n<p>En 1984, Jean Paul r\u00e9alise une interview fleuve de Bruno Amalou dont quelques extraits ont \u00e9t\u00e9 repris dans le reportage &#8220;Les 3 hommes de Vibration&#8221;. Voici l&#8217;interview int\u00e9grale ou Bruno se livre cash sur Vibration.<br><\/p>\n<p>Jean Paul CONAN 1984 Film\u00e9 en VHS et converti en MP4 pour diffusion Internet.<br><\/p>\n\n\n\n\n\n\n\n\n\n\n<h4>L&#8217;histoire de Jean Paul<span><\/span><\/h4>\n<p>Admin&nbsp; &nbsp; &nbsp;.&nbsp; &nbsp; &nbsp; Feb 23&nbsp; &nbsp; &nbsp; &nbsp; .&nbsp; &nbsp; &nbsp; 1 min read&nbsp; &nbsp; &nbsp; &nbsp; &nbsp; &nbsp; &nbsp; &nbsp;&nbsp;<\/p>\n<p>Bonjour, je suis Jean Paul CONAN, Animateur radio de 1982 \u00e0 1987. J&#8217;ai \ncontact\u00e9 tous les Animateurs qui \u00e9taient \u00e0 Vibration \u00e0 cette \u00e9poque pour\n vous raconter l&#8217;histoire de l&#8217;int\u00e9rieur. Quand je lis les histoires de \nVibration racont\u00e9s par des gens qui n&#8217;\u00e9taient pas \u00e0 la Radio ou en tout \ncas pas aux d\u00e9buts de Vibration je ne reconnais pas l&#8217;histoire.&nbsp; je vous\n propose une version de l&#8217;histoire par les gens qui l&#8217;ont fait. Si je \nvous ai oubli\u00e9 ou que j&#8217;\u00e9tais parti quand vous \u00eates arriv\u00e9, contactez \nmoi \u00e0 <span class=\"pagelayer-email\">contact@vibration-radio.fr <\/span> avec votre histoire et des m\u00e9dias (photo, \nvid\u00e9o, son) via wetransfer.com ou autre.<br><br><\/p>\n<p>Jean Paul CONAN 2022&nbsp;&nbsp; &nbsp; &nbsp; &nbsp; &nbsp; &nbsp; &nbsp; <\/p>\n\n\n\n","protected":false},"excerpt":{"rendered":"","protected":false},"author":0,"featured_media":0,"parent":0,"menu_order":0,"comment_status":"open","ping_status":"closed","template":"","meta":{"footnotes":""},"class_list":["post-31","page","type-page","status-publish","hentry"],"yoast_head":"<!-- This site is optimized with the Yoast SEO plugin v26.4 - https:\/\/yoast.com\/wordpress\/plugins\/seo\/ -->\n<title>Home - vibration-radio.fr %<\/title>\n<meta name=\"robots\" content=\"index, follow, max-snippet:-1, max-image-preview:large, max-video-preview:-1\" \/>\n<link rel=\"canonical\" href=\"https:\/\/vibration-radio.fr\/102\/\" \/>\n<meta property=\"og:locale\" content=\"fr_FR\" \/>\n<meta property=\"og:type\" content=\"article\" \/>\n<meta property=\"og:title\" content=\"Home - vibration-radio.fr %\" \/>\n<meta property=\"og:url\" content=\"https:\/\/vibration-radio.fr\/102\/\" \/>\n<meta property=\"og:site_name\" content=\"vibration-radio.fr\" \/>\n<meta property=\"article:publisher\" content=\"https:\/\/www.facebook.com\/vibrationradio\" \/>\n<meta property=\"article:modified_time\" content=\"2023-01-02T16:19:54+00:00\" \/>\n<meta name=\"twitter:card\" content=\"summary_large_image\" \/>\n<meta name=\"twitter:site\" content=\"@Vibrationradio\" \/>\n<meta name=\"twitter:label1\" content=\"Dur\u00e9e de lecture estim\u00e9e\" \/>\n\t<meta name=\"twitter:data1\" content=\"5 minutes\" \/>\n<script type=\"application\/ld+json\" class=\"yoast-schema-graph\">{\"@context\":\"https:\/\/schema.org\",\"@graph\":[{\"@type\":\"WebPage\",\"@id\":\"https:\/\/vibration-radio.fr\/102\/\",\"url\":\"https:\/\/vibration-radio.fr\/102\/\",\"name\":\"Home - vibration-radio.fr %\",\"isPartOf\":{\"@id\":\"https:\/\/vibration-radio.fr\/102\/#website\"},\"datePublished\":\"2022-04-19T20:17:45+00:00\",\"dateModified\":\"2023-01-02T16:19:54+00:00\",\"breadcrumb\":{\"@id\":\"https:\/\/vibration-radio.fr\/102\/#breadcrumb\"},\"inLanguage\":\"fr-FR\",\"potentialAction\":[{\"@type\":\"ReadAction\",\"target\":[\"https:\/\/vibration-radio.fr\/102\/\"]}]},{\"@type\":\"BreadcrumbList\",\"@id\":\"https:\/\/vibration-radio.fr\/102\/#breadcrumb\",\"itemListElement\":[{\"@type\":\"ListItem\",\"position\":1,\"name\":\"Accueil\",\"item\":\"https:\/\/vibration-radio.fr\/102\/\"},{\"@type\":\"ListItem\",\"position\":2,\"name\":\"Home\"}]},{\"@type\":\"WebSite\",\"@id\":\"https:\/\/vibration-radio.fr\/102\/#website\",\"url\":\"https:\/\/vibration-radio.fr\/102\/\",\"name\":\"vibration-radio.fr\",\"description\":\"Vibration FM 102 Mhz\",\"publisher\":{\"@id\":\"https:\/\/vibration-radio.fr\/102\/#organization\"},\"potentialAction\":[{\"@type\":\"SearchAction\",\"target\":{\"@type\":\"EntryPoint\",\"urlTemplate\":\"https:\/\/vibration-radio.fr\/102\/?s={search_term_string}\"},\"query-input\":{\"@type\":\"PropertyValueSpecification\",\"valueRequired\":true,\"valueName\":\"search_term_string\"}}],\"inLanguage\":\"fr-FR\"},{\"@type\":\"Organization\",\"@id\":\"https:\/\/vibration-radio.fr\/102\/#organization\",\"name\":\"Vibration FM 102 Mhz\",\"url\":\"https:\/\/vibration-radio.fr\/102\/\",\"logo\":{\"@type\":\"ImageObject\",\"inLanguage\":\"fr-FR\",\"@id\":\"https:\/\/vibration-radio.fr\/102\/#\/schema\/logo\/image\/\",\"url\":\"https:\/\/vibration-radio.fr\/102\/wp-content\/uploads\/2022\/04\/vibration_1368222278.jpg\",\"contentUrl\":\"https:\/\/vibration-radio.fr\/102\/wp-content\/uploads\/2022\/04\/vibration_1368222278.jpg\",\"width\":570,\"height\":208,\"caption\":\"Vibration FM 102 Mhz\"},\"image\":{\"@id\":\"https:\/\/vibration-radio.fr\/102\/#\/schema\/logo\/image\/\"},\"sameAs\":[\"https:\/\/www.facebook.com\/vibrationradio\",\"https:\/\/x.com\/Vibrationradio\",\"https:\/\/www.instagram.com\/vibrationradio\/\"]}]}<\/script>\n<!-- \/ Yoast SEO plugin. -->","yoast_head_json":{"title":"Home - vibration-radio.fr %","robots":{"index":"index","follow":"follow","max-snippet":"max-snippet:-1","max-image-preview":"max-image-preview:large","max-video-preview":"max-video-preview:-1"},"canonical":"https:\/\/vibration-radio.fr\/102\/","og_locale":"fr_FR","og_type":"article","og_title":"Home - vibration-radio.fr %","og_url":"https:\/\/vibration-radio.fr\/102\/","og_site_name":"vibration-radio.fr","article_publisher":"https:\/\/www.facebook.com\/vibrationradio","article_modified_time":"2023-01-02T16:19:54+00:00","twitter_card":"summary_large_image","twitter_site":"@Vibrationradio","twitter_misc":{"Dur\u00e9e de lecture estim\u00e9e":"5 minutes"},"schema":{"@context":"https:\/\/schema.org","@graph":[{"@type":"WebPage","@id":"https:\/\/vibration-radio.fr\/102\/","url":"https:\/\/vibration-radio.fr\/102\/","name":"Home - vibration-radio.fr %","isPartOf":{"@id":"https:\/\/vibration-radio.fr\/102\/#website"},"datePublished":"2022-04-19T20:17:45+00:00","dateModified":"2023-01-02T16:19:54+00:00","breadcrumb":{"@id":"https:\/\/vibration-radio.fr\/102\/#breadcrumb"},"inLanguage":"fr-FR","potentialAction":[{"@type":"ReadAction","target":["https:\/\/vibration-radio.fr\/102\/"]}]},{"@type":"BreadcrumbList","@id":"https:\/\/vibration-radio.fr\/102\/#breadcrumb","itemListElement":[{"@type":"ListItem","position":1,"name":"Accueil","item":"https:\/\/vibration-radio.fr\/102\/"},{"@type":"ListItem","position":2,"name":"Home"}]},{"@type":"WebSite","@id":"https:\/\/vibration-radio.fr\/102\/#website","url":"https:\/\/vibration-radio.fr\/102\/","name":"vibration-radio.fr","description":"Vibration FM 102 Mhz","publisher":{"@id":"https:\/\/vibration-radio.fr\/102\/#organization"},"potentialAction":[{"@type":"SearchAction","target":{"@type":"EntryPoint","urlTemplate":"https:\/\/vibration-radio.fr\/102\/?s={search_term_string}"},"query-input":{"@type":"PropertyValueSpecification","valueRequired":true,"valueName":"search_term_string"}}],"inLanguage":"fr-FR"},{"@type":"Organization","@id":"https:\/\/vibration-radio.fr\/102\/#organization","name":"Vibration FM 102 Mhz","url":"https:\/\/vibration-radio.fr\/102\/","logo":{"@type":"ImageObject","inLanguage":"fr-FR","@id":"https:\/\/vibration-radio.fr\/102\/#\/schema\/logo\/image\/","url":"https:\/\/vibration-radio.fr\/102\/wp-content\/uploads\/2022\/04\/vibration_1368222278.jpg","contentUrl":"https:\/\/vibration-radio.fr\/102\/wp-content\/uploads\/2022\/04\/vibration_1368222278.jpg","width":570,"height":208,"caption":"Vibration FM 102 Mhz"},"image":{"@id":"https:\/\/vibration-radio.fr\/102\/#\/schema\/logo\/image\/"},"sameAs":["https:\/\/www.facebook.com\/vibrationradio","https:\/\/x.com\/Vibrationradio","https:\/\/www.instagram.com\/vibrationradio\/"]}]}},"_links":{"self":[{"href":"https:\/\/vibration-radio.fr\/102\/wp-json\/wp\/v2\/pages\/31","targetHints":{"allow":["GET"]}}],"collection":[{"href":"https:\/\/vibration-radio.fr\/102\/wp-json\/wp\/v2\/pages"}],"about":[{"href":"https:\/\/vibration-radio.fr\/102\/wp-json\/wp\/v2\/types\/page"}],"replies":[{"embeddable":true,"href":"https:\/\/vibration-radio.fr\/102\/wp-json\/wp\/v2\/comments?post=31"}],"version-history":[{"count":64,"href":"https:\/\/vibration-radio.fr\/102\/wp-json\/wp\/v2\/pages\/31\/revisions"}],"predecessor-version":[{"id":997,"href":"https:\/\/vibration-radio.fr\/102\/wp-json\/wp\/v2\/pages\/31\/revisions\/997"}],"wp:attachment":[{"href":"https:\/\/vibration-radio.fr\/102\/wp-json\/wp\/v2\/media?parent=31"}],"curies":[{"name":"wp","href":"https:\/\/api.w.org\/{rel}","templated":true}]}}